{"id":3965,"date":"2019-02-01T11:51:36","date_gmt":"2019-02-01T10:51:36","guid":{"rendered":"https:\/\/oxapampa-safarie.com\/sobre-nosotros-detaille\/"},"modified":"2019-02-09T08:57:28","modified_gmt":"2019-02-09T07:57:28","slug":"ueber-uns-detail","status":"publish","type":"page","link":"https:\/\/oxapampa-safarie.com\/de\/ueber-uns-detail\/","title":{"rendered":"\u00dcber Uns Detail"},"content":{"rendered":"<div id=\"cs-content\" class=\"cs-content\" >\n<div class=\"e3965-1 x-section\" >\n      \n<div class=\"e3965-2 x-container max width\" >\n    \n<div class=\"e3965-3 x-column x-sm x-1-1\" >\n    <h1  class=\"h-custom-headline cs-ta-center h4 accent\" style=\"color: hsl(0, 0%, 100%);\"><span>\u00dcber uns<\/span><\/h1><\/div>\n<\/div>\n\n<div class=\"e3965-10 x-container max width\" >\n    \n<div class=\"e3965-11 x-column x-sm x-2-3\" >\n    <div class=\"x-text\"  ><p style=\"text-align: justify;\"><span style=\"color: #000000;\">Nach 6 Jahren Arbeit in der Internationalen Deutschen Entwicklungshilfe (DED\/GIZ) in Afrika und in den letzten 30 Jahren in Lateinamerika (Dominikanische Republik, Brasilien, Bolivien und Peru), bin ich seit Ende 2018 im Ruhestand . Meine Frau Fiorella ist aus Peru und wir haben zwei kleine Kinder, Johanna y Joaquin, die 2011 und 2009 in Lima geboren wurden.<\/span><\/p>\n<p style=\"text-align: justify;\"><span style=\"color: #000000;\">\u00a0<\/span><\/p>\n<\/div><ul class=\"x-ul-icons resp-ul mvn\" style=\"color: #fff;\"  ><li class=\"x-li-icon\"  ><i class=\"x-icon-envelope\" aria-hidden=\"true\" data-x-icon-s=\"&#xf0e0;\"  ><\/i>info@oxapampa-safarie.com<\/li><\/ul><\/div>\n\n<div class=\"e3965-15 x-column x-sm x-1-3\" >\n    \n<hr class=\"e3965-16 x-line\" ><img  class=\"x-img x-img-none\"  src=\"https:\/\/oxapampa-safarie.com\/wp-content\/uploads\/2019\/01\/Joachim-B\u00f6hnert-1.jpg\" ><\/div>\n<\/div>\n\n<div class=\"e3965-22 x-container max width\" >\n    \n<div class=\"e3965-23 x-column x-sm x-1-1\" >\n    <h1  class=\"h-custom-headline cs-ta-center h4 accent\" style=\"color: hsl(0, 0%, 100%);\"><span>Unsere Teilnahme an \u00f6kologische und soziale Projekte in der Region von Oxapampa:<\/span><\/h1><div class=\"x-text\"  ><p style=\"text-align: justify;\"><span style=\"color: #000000;\">Wegen meiner Arbeit in Agroforstwirtschaft und Pufferzone Management von Schutzgebieten in der Provinz Oxapampa, habe ich eine Reihe von guten Kontakten und Freunden in der Region. Hier bin ich Mitglied des Institute f\u00fcr landwirtschaftliche Forschung\u00a0 und Beratung \u201eAntonio Brack \u2013 Egg\u201c in Oxapampa. Unser Hauptaugenmerk liegt auf den kleinen \u2013 Landwirten in der Region und auf einer nachhaltigen Entwicklung ihrer Land \u2013 und Forstwirtschaft. Eine Beteiligung von\u00a0 Freiwilligen, wie aus dem Programm des &#8222;Weltw\u00e4rts&#8220; \u2013 <a href=\"http:\/\/www.weltwaerts.de\/\" style=\"color: #000000;\">www.weltwaerts.de<\/a> \u2013\u00a0 oder dem neuen Programm\u00a0 \u201eKulturweit\u201c der UNESCO im Rahmen von Biosph\u00e4ren Reservaten &#8211; <a href=\"http:\/\/www.kulturweit.de\/\" style=\"color: #000000;\">www.kulturweit.de<\/a> \u2013 sollten in der Zukunft m\u00f6glich sein.<\/span><\/p>\n<p><span style=\"color: #000000;\">Dar\u00fcber hinaus unterst\u00fctze ich ein peruanisches Netzwerk f\u00fcr Boden &#8211; und Wasserkonservierung, etc.. mit dem Vetiver System \u2013<a href=\"https:\/\/vetiver-peru.com\/\" style=\"color: #000000;\">https:\/\/vetiver-peru.com<\/a><\/span><\/p>\n<p style=\"text-align: justify;\"><span style=\"color: #000000;\">und leite eine Agentur f\u00fcr alternative gr\u00fcne Umwelttechnologien in Peru- <\/span><a href=\"http:\/\/greentechperu.org\/deutsch\/index.html\"><span style=\"color: #000000;\">http:\/\/greentechperu.org\/deutsch\/index.html<\/span><\/a><\/p>\n<\/div><\/div>\n<\/div>\n  <\/div>\n<\/div>\n","protected":false},"excerpt":{"rendered":"","protected":false},"author":1,"featured_media":0,"parent":0,"menu_order":0,"comment_status":"closed","ping_status":"closed","template":"template-blank-4.php","meta":[],"_links":{"self":[{"href":"https:\/\/oxapampa-safarie.com\/de\/wp-json\/wp\/v2\/pages\/3965\/"}],"collection":[{"href":"https:\/\/oxapampa-safarie.com\/de\/wp-json\/wp\/v2\/pages\/"}],"about":[{"href":"https:\/\/oxapampa-safarie.com\/de\/wp-json\/wp\/v2\/types\/page\/"}],"author":[{"embeddable":true,"href":"https:\/\/oxapampa-safarie.com\/de\/wp-json\/wp\/v2\/users\/1\/"}],"replies":[{"embeddable":true,"href":"https:\/\/oxapampa-safarie.com\/de\/wp-json\/wp\/v2\/comments\/?post=3965"}],"version-history":[{"count":5,"href":"https:\/\/oxapampa-safarie.com\/de\/wp-json\/wp\/v2\/pages\/3965\/revisions\/"}],"predecessor-version":[{"id":4022,"href":"https:\/\/oxapampa-safarie.com\/de\/wp-json\/wp\/v2\/pages\/3965\/revisions\/4022\/"}],"wp:attachment":[{"href":"https:\/\/oxapampa-safarie.com\/de\/wp-json\/wp\/v2\/media\/?parent=3965"}],"curies":[{"name":"wp","href":"https:\/\/api.w.org\/{rel}","templated":true}]}}