{"id":3993,"date":"2019-02-01T19:10:30","date_gmt":"2019-02-01T18:10:30","guid":{"rendered":"https:\/\/oxapampa-safarie.com\/sobre-oxapampa\/"},"modified":"2019-02-01T21:40:01","modified_gmt":"2019-02-01T20:40:01","slug":"ueber-oxapampa","status":"publish","type":"page","link":"https:\/\/oxapampa-safarie.com\/de\/ueber-oxapampa\/","title":{"rendered":"\u00dcber Oxapampa"},"content":{"rendered":"<div id=\"cs-content\" class=\"cs-content\" >\n<div class=\"e3993-1 x-section\" >\n      \n<div class=\"e3993-2 x-container max width\" >\n    \n<div class=\"e3993-3 x-column x-sm x-1-1\" >\n    <h1  class=\"h-custom-headline cs-ta-center h4 accent\" ><span>\u00dcber Oxapampa<\/span><\/h1><\/div>\n<\/div>\n\n<div class=\"e3993-10 x-container max width\" >\n    \n<div class=\"e3993-11 x-column x-sm x-1-1\" >\n    <div class=\"x-text\"  ><p><strong>Hier einige weitere Informationen \u00fcber Oxapampa:<\/strong><\/p>\n<p>Oxapampa im zentralen hohen Amazonasgebiet von Peru, liegt auf 1800 Meter \u00fcber dem Meeresspiegel, mit\u00a0 einen sehr angenehmen Klima. Unsere H\u00e4user befinden sich oberhalb der kleinen Stadt Oxapampa in einer Entfernung von ca. 8 km vom Zentrum der Ortschaft. Sie erreichen uns mit dem Auto oder Taxi in 10 bis 15 Minuten von dort.<\/p>\n<\/p>\n<p><img loading=\"lazy\" src=\"https:\/\/oxapampa-safarie.com\/wp-content\/uploads\/2019\/02\/Mapa-Oxapampa-300x221.jpg\" alt=\"\" class=\"wp-image-3987 aligncenter\" width=\"279\" height=\"206\" \/><\/p>\n<p>Wir befinden uns in der Pufferzone des Nationalparks Yanachaga \u2013 Chemillen und Biosph\u00e4ren Reserve Oxapampa \u2013 Ashaninka &#8211; Yanesha.<\/p>\n<\/p>\n<p>Oxapampa ist von Lima aus \u00fcber die Hauptstra\u00dfe &#8222;Carretera Central&#8220; und San Ram\u00f3n und La Merced in Chanchamayo, in 8 bis 10 Stunden zu erreichen. Falls Sie in Chanchamayo \u00fcbernachten wollen stehen Ihnen dort eine Reihe von guten Hotels zu Verf\u00fcgung. Wir empfehlen das Hotel Fundo San Jose \u2013 <a href=\"http:\/\/www.fundosanjose.com.pe\/\">www.fundosanjose.com.pe<\/a> -.<\/p>\n<\/p>\n<p>Ein nationaler Flughafen in Oxapampa ist in Planung, aber es wird noch eine Zeit dauern f\u00fcr seine endg\u00fcltige Fertigstellung. Es gibt einen Direktflug von Lima nach Oxapampa mit kleinen Flugzeugen der Firma AEROLINK. Eine Alternative ist, ein Flug von Lima nach Jauja mit LATAM Enterprise und von dort mit dem Bus \u00fcber\u00a0 La Merced in einer Fahrt von 4 Stunden nach Oxapampa.<\/p>\n<p>Es gibt eine Reihe von interessanten Ruten als\u00a0 Alternativen f\u00fcr diese Reise von Lima nach Oxapampa und zur\u00fcck. Einige dieser Alternativen werden wir in 2019 als Touren hier anbieten.<\/p>\n<p><strong>Die Umgebung:<\/strong><\/p>\n<p>Von der Hauptstadt der Provinz Oxapampa, haben Sie leichten Zugang nach Chontabamba, Huancabamba, Pozuzo, Vila Rica&#8230; Von unseren H\u00e4usern k\u00f6nnen Sie zu Fu\u00df zu den Nationalparks Yanachaga \u2013 Chemillen mit seiner einzigartigen Flora und Fauna wandern. Die Umgebung ist besonders gut f\u00fcr die Vogelbeobachtung!<\/p><\/p>\n<\/div><\/div>\n<\/div>\n\n<div class=\"e3993-18 x-container max width\" >\n    \n<div class=\"e3993-19 x-column x-sm x-1-1\" >\n    <a  class=\"x-btn x-btn-global\"  href=\"https:\/\/oxapampa-safarie.com\/de\/kontakt\/\"     data-options=\"thumbnail: ''\">Kontaktieren Sie uns!<\/a><\/div>\n<\/div>\n  <\/div>\n<\/div>\n","protected":false},"excerpt":{"rendered":"","protected":false},"author":1,"featured_media":0,"parent":0,"menu_order":0,"comment_status":"closed","ping_status":"closed","template":"template-blank-4.php","meta":[],"_links":{"self":[{"href":"https:\/\/oxapampa-safarie.com\/de\/wp-json\/wp\/v2\/pages\/3993\/"}],"collection":[{"href":"https:\/\/oxapampa-safarie.com\/de\/wp-json\/wp\/v2\/pages\/"}],"about":[{"href":"https:\/\/oxapampa-safarie.com\/de\/wp-json\/wp\/v2\/types\/page\/"}],"author":[{"embeddable":true,"href":"https:\/\/oxapampa-safarie.com\/de\/wp-json\/wp\/v2\/users\/1\/"}],"replies":[{"embeddable":true,"href":"https:\/\/oxapampa-safarie.com\/de\/wp-json\/wp\/v2\/comments\/?post=3993"}],"version-history":[{"count":3,"href":"https:\/\/oxapampa-safarie.com\/de\/wp-json\/wp\/v2\/pages\/3993\/revisions\/"}],"predecessor-version":[{"id":3997,"href":"https:\/\/oxapampa-safarie.com\/de\/wp-json\/wp\/v2\/pages\/3993\/revisions\/3997\/"}],"wp:attachment":[{"href":"https:\/\/oxapampa-safarie.com\/de\/wp-json\/wp\/v2\/media\/?parent=3993"}],"curies":[{"name":"wp","href":"https:\/\/api.w.org\/{rel}","templated":true}]}}