{"id":4024,"date":"2019-02-07T18:19:37","date_gmt":"2019-02-07T17:19:37","guid":{"rendered":"https:\/\/oxapampa-safarie.com\/casa-familia-bohnert\/"},"modified":"2019-02-12T14:21:52","modified_gmt":"2019-02-12T13:21:52","slug":"haus-familie-bohnert","status":"publish","type":"page","link":"https:\/\/oxapampa-safarie.com\/de\/haus-familie-bohnert\/","title":{"rendered":"Haus Familie B\u00f6hnert"},"content":{"rendered":"<div id=\"cs-content\" class=\"cs-content\" >\n<div class=\"e4024-1 x-section\" >\n      \n<div class=\"e4024-2 x-container max width\" >\n    \n<div class=\"e4024-3 x-column x-sm x-1-1\" >\n    <h1  class=\"h-custom-headline cs-ta-center h5 accent\" ><span>Haupthaus \u201eFamilie B\u00f6hnert\u201c <\/span><\/h1>\n<hr class=\"e4024-5 x-line\" ><\/div>\n<\/div>\n\n<div class=\"e4024-11 x-container max width\" >\n    \n<div class=\"e4024-12 x-column x-sm x-1-2\" >\n    \n<hr class=\"e4024-13 x-line\" ><div class=\"x-text\"  ><p style=\"text-align: justify;\"><span>Unser Haupthaus \u201eFamilie B\u00f6hnert\u201c hat 2 Stockwerke mit einer Gesamtfl\u00e4che von 120 qm2. Im ersten Stockwerk liegt eine gro\u00dfes Wohnzimmer mit K\u00fcche, 1 Schlafzimmer mit 2 Betten, Toilette\/Dusche und eine gro\u00dfe Terrasse. Im 2 Stockwerk liegen 2 Schlafzimmer mit einem Doppelbett und weiteren 4 bis 6 Einzelbetten, ja nach Bedarf.<\/span><\/p>\n<\/div><\/div>\n\n<div class=\"e4024-15 x-column x-sm x-1-2\" >\n    <img  class=\"x-img x-img-rounded\"  src=\"https:\/\/oxapampa-safarie.com\/wp-content\/uploads\/2019\/02\/Foto-2-2.jpg\" ><\/div>\n<\/div>\n  <\/div>\n\n<div class=\"e4024-21 x-section\" >\n      \n<div class=\"e4024-22 x-container max width\" >\n    \n<div class=\"e4024-23 x-column x-sm x-1-2\" >\n    <img  class=\"x-img x-img-rounded\"  src=\"https:\/\/oxapampa-safarie.com\/wp-content\/uploads\/2019\/02\/A-Terasse-Haus_1920x1440.jpg\" ><\/div>\n\n<div class=\"e4024-25 x-column x-sm x-1-2\" >\n    \n<hr class=\"e4024-26 x-line\" ><div class=\"x-text\"  ><p style=\"text-align: justify;\"><span>Das Haus aus soliden Baumst\u00e4mmen, wurde von dem Baumeister Marcus Magner Lopez und seinem Team in 2006 gebaut und in 2007 eingeweiht.<\/span><\/p>\n<\/div><\/div>\n<\/div>\n  <\/div>\n\n<div class=\"e4024-32 x-section\" >\n      \n<div class=\"e4024-33 x-container max width\" >\n    \n<div class=\"e4024-34 x-column x-sm x-1-2\" >\n    <img  class=\"x-img x-img-rounded\"  src=\"https:\/\/oxapampa-safarie.com\/wp-content\/uploads\/2019\/02\/Foto-2B.jpg\" ><\/div>\n\n<div class=\"e4024-36 x-column x-sm x-1-2\" >\n    <img  class=\"x-img x-img-rounded\"  src=\"https:\/\/oxapampa-safarie.com\/wp-content\/uploads\/2019\/02\/Foto-2A.jpg\" ><\/div>\n<\/div>\n\n<div class=\"e4024-42 x-container max width\" >\n    \n<div class=\"e4024-43 x-column x-sm x-1-1\" >\n    <a  class=\"x-btn x-btn-global\"  href=\"https:\/\/oxapampa-safarie.com\/de\/kontakt\/\"     data-options=\"thumbnail: ''\">Kontaktieren Sie uns<\/a><\/div>\n<\/div>\n  <\/div>\n<\/div>\n","protected":false},"excerpt":{"rendered":"","protected":false},"author":1,"featured_media":0,"parent":0,"menu_order":0,"comment_status":"closed","ping_status":"closed","template":"template-blank-4.php","meta":[],"_links":{"self":[{"href":"https:\/\/oxapampa-safarie.com\/de\/wp-json\/wp\/v2\/pages\/4024\/"}],"collection":[{"href":"https:\/\/oxapampa-safarie.com\/de\/wp-json\/wp\/v2\/pages\/"}],"about":[{"href":"https:\/\/oxapampa-safarie.com\/de\/wp-json\/wp\/v2\/types\/page\/"}],"author":[{"embeddable":true,"href":"https:\/\/oxapampa-safarie.com\/de\/wp-json\/wp\/v2\/users\/1\/"}],"replies":[{"embeddable":true,"href":"https:\/\/oxapampa-safarie.com\/de\/wp-json\/wp\/v2\/comments\/?post=4024"}],"version-history":[{"count":5,"href":"https:\/\/oxapampa-safarie.com\/de\/wp-json\/wp\/v2\/pages\/4024\/revisions\/"}],"predecessor-version":[{"id":4085,"href":"https:\/\/oxapampa-safarie.com\/de\/wp-json\/wp\/v2\/pages\/4024\/revisions\/4085\/"}],"wp:attachment":[{"href":"https:\/\/oxapampa-safarie.com\/de\/wp-json\/wp\/v2\/media\/?parent=4024"}],"curies":[{"name":"wp","href":"https:\/\/api.w.org\/{rel}","templated":true}]}}