{"id":4025,"date":"2019-02-07T18:26:38","date_gmt":"2019-02-07T17:26:38","guid":{"rendered":"https:\/\/oxapampa-safarie.com\/cabanas-andrea-y-johanna\/"},"modified":"2019-02-13T13:44:12","modified_gmt":"2019-02-13T12:44:12","slug":"haeuschen-andrea-und-johanna","status":"publish","type":"page","link":"https:\/\/oxapampa-safarie.com\/de\/haeuschen-andrea-und-johanna\/","title":{"rendered":"H\u00e4uschen Andrea und Johanna"},"content":{"rendered":"<div id=\"cs-content\" class=\"cs-content\" >\n<div class=\"e4025-1 x-section\" >\n      \n<div class=\"e4025-2 x-container max width\" >\n    \n<div class=\"e4025-3 x-column x-sm x-1-1\" >\n    <h1  class=\"h-custom-headline cs-ta-center h5 accent\" ><span>Die H\u00e4uschen \u201eAndrea y Johanna&#8220; <\/span><\/h1>\n<hr class=\"e4025-5 x-line\" ><\/div>\n<\/div>\n\n<div class=\"e4025-6 x-container max width\" >\n    \n<div class=\"e4025-7 x-column x-sm x-1-2\" >\n    \n<hr class=\"e4025-8 x-line\" ><div class=\"x-text\"  ><p style=\"text-align: justify;\"><span>F\u00fcr kurzfristige, sowie auch mittel bis langfristige Vermietung, haben wir 2 kleine H\u00e4user \u201eCabanas\u201c Beide H\u00e4user wurden von dem Baumeister Gironimo Barrios B\u00f6ttger und seinem Team gebaut und wurden in 2010 und 2016 fertiggestellt.<\/span><span><\/span><\/p>\n<p style=\"text-align: justify;\"><span>\u00a0<\/span><\/p>\n<\/div><\/div>\n\n<div class=\"e4025-10 x-column x-sm x-1-2\" >\n    <img  class=\"x-img x-img-rounded\"  src=\"https:\/\/oxapampa-safarie.com\/wp-content\/uploads\/2019\/02\/Foto-5.jpg\" ><\/div>\n<\/div>\n  <\/div>\n\n<div class=\"e4025-12 x-section\" >\n      \n<div class=\"e4025-13 x-container max width\" >\n    \n<div class=\"e4025-14 x-column x-sm x-1-2\" >\n    <img  class=\"x-img x-img-rounded\"  src=\"https:\/\/oxapampa-safarie.com\/wp-content\/uploads\/2019\/02\/Foto-6.jpg\" ><\/div>\n\n<div class=\"e4025-16 x-column x-sm x-1-2\" >\n    \n<hr class=\"e4025-17 x-line\" ><div class=\"x-text\"  ><p style=\"text-align: justify;\"><span>Ein Foto des H\u00e4uschen \u201eJohanna\u201c, kurz vor seiner Fertigstellung im April 2016.<\/span><\/p>\n<\/div><\/div>\n<\/div>\n  <\/div>\n\n<div class=\"e4025-19 x-section\" >\n      \n<div class=\"e4025-20 x-container max width\" >\n    \n<div class=\"e4025-21 x-column x-sm x-1-1\" >\n    <div class=\"x-text\"  ><p style=\"text-align: justify;\"><span>Die H\u00e4uschen \u201eAndrea und Johanna\u201c haben ein Schlafzimmer mit einem Doppelbett und 2 zus\u00e4tzlichen Einzelbetten, sowie eine Toilette\/Bad und einen Balkon. Eine kleine Kaffee K\u00fcche um Fr\u00fchst\u00fcck zuzubereiten ist vorhanden.<\/span><\/p>\n<\/div><\/div>\n<\/div>\n\n<div class=\"e4025-23 x-container max width\" >\n    \n<div class=\"e4025-24 x-column x-sm x-1-2\" >\n    <img  class=\"x-img x-img-rounded\"  src=\"https:\/\/oxapampa-safarie.com\/wp-content\/uploads\/2019\/02\/Foto-5B.jpg\" ><\/div>\n\n<div class=\"e4025-26 x-column x-sm x-1-2\" >\n    <img  class=\"x-img x-img-rounded\"  src=\"https:\/\/oxapampa-safarie.com\/wp-content\/uploads\/2019\/02\/Foto-5A.jpg\" ><\/div>\n<\/div>\n\n<div class=\"e4025-28 x-container max width\" >\n    \n<div class=\"e4025-29 x-column x-sm x-1-1\" >\n    <a  class=\"x-btn x-btn-global\"  href=\"https:\/\/oxapampa-safarie.com\/de\/kontakt\"     data-options=\"thumbnail: ''\">Kontaktieren Sie uns<\/a><\/div>\n<\/div>\n  <\/div>\n<\/div>\n","protected":false},"excerpt":{"rendered":"","protected":false},"author":1,"featured_media":0,"parent":0,"menu_order":0,"comment_status":"closed","ping_status":"closed","template":"template-blank-4.php","meta":[],"_links":{"self":[{"href":"https:\/\/oxapampa-safarie.com\/de\/wp-json\/wp\/v2\/pages\/4025\/"}],"collection":[{"href":"https:\/\/oxapampa-safarie.com\/de\/wp-json\/wp\/v2\/pages\/"}],"about":[{"href":"https:\/\/oxapampa-safarie.com\/de\/wp-json\/wp\/v2\/types\/page\/"}],"author":[{"embeddable":true,"href":"https:\/\/oxapampa-safarie.com\/de\/wp-json\/wp\/v2\/users\/1\/"}],"replies":[{"embeddable":true,"href":"https:\/\/oxapampa-safarie.com\/de\/wp-json\/wp\/v2\/comments\/?post=4025"}],"version-history":[{"count":6,"href":"https:\/\/oxapampa-safarie.com\/de\/wp-json\/wp\/v2\/pages\/4025\/revisions\/"}],"predecessor-version":[{"id":4197,"href":"https:\/\/oxapampa-safarie.com\/de\/wp-json\/wp\/v2\/pages\/4025\/revisions\/4197\/"}],"wp:attachment":[{"href":"https:\/\/oxapampa-safarie.com\/de\/wp-json\/wp\/v2\/media\/?parent=4025"}],"curies":[{"name":"wp","href":"https:\/\/api.w.org\/{rel}","templated":true}]}}