{"id":4026,"date":"2019-02-07T18:21:19","date_gmt":"2019-02-07T17:21:19","guid":{"rendered":"https:\/\/oxapampa-safarie.com\/casa-joaquin\/"},"modified":"2019-02-12T17:32:54","modified_gmt":"2019-02-12T16:32:54","slug":"haus-joaquin","status":"publish","type":"page","link":"https:\/\/oxapampa-safarie.com\/de\/haus-joaquin\/","title":{"rendered":"Haus Joaqu\u00edn"},"content":{"rendered":"<div id=\"cs-content\" class=\"cs-content\" >\n<div class=\"e4026-1 x-section\" >\n      \n<div class=\"e4026-2 x-container max width\" >\n    \n<div class=\"e4026-3 x-column x-sm x-1-1\" >\n    <h1  class=\"h-custom-headline cs-ta-center h5 accent\" ><span>Haus \u201cJoaqu\u00edn&#8220; <\/span><\/h1>\n<hr class=\"e4026-5 x-line\" ><\/div>\n<\/div>\n\n<div class=\"e4026-11 x-container max width\" >\n    \n<div class=\"e4026-12 x-column x-sm x-1-2\" >\n    \n<hr class=\"e4026-13 x-line\" ><div class=\"x-text\"  ><p style=\"text-align: justify;\"><span>Danach wurde unser Haus Nr. 2 \u201eJoaqu\u00edn\u201c vom selben Baumeister gebaut. Dieses kleinere Haus hat eine Fl\u00e4che von 60 qm2 1 Wohnzimmer, 2 kleine Schlafzimmer, K\u00fcche, Bad und Balkon.<\/span><\/p>\n<\/div><\/div>\n\n<div class=\"e4026-15 x-column x-sm x-1-2\" >\n    <img  class=\"x-img x-img-rounded\"  src=\"https:\/\/oxapampa-safarie.com\/wp-content\/uploads\/2019\/02\/Foto-4_640x359.jpg\" ><\/div>\n<\/div>\n  <\/div>\n\n<div class=\"e4026-21 x-section\" >\n      \n<div class=\"e4026-22 x-container max width\" >\n    \n<div class=\"e4026-23 x-column x-sm x-1-2\" >\n    <img  class=\"x-img x-img-rounded\"  src=\"https:\/\/oxapampa-safarie.com\/wp-content\/uploads\/2019\/02\/arrow-3704310_1920.jpg\" ><\/div>\n\n<div class=\"e4026-25 x-column x-sm x-1-2\" >\n    \n<hr class=\"e4026-26 x-line\" ><div class=\"x-text\"  ><p style=\"text-align: justify;\"><span>Bei der Mietung dieser beiden H\u00e4user f\u00f6rdern wir eine langfristige Vermietung von 6 \u2013 12 Monaten durch g\u00fcnstige Preise. Falls die H\u00e4user frei sind, k\u00f6nnen sie auch kurzfristig, Monats -, Wochen -, oder Tagesweise gemietet werden. Anfrage in Spanisch an Giovanna Enciso\u00a0 Waller und in Deutsch und Englisch an Joachim B\u00f6hnert. Unsere Kontakt Daten finden die am Ende dieser Seite.<\/span><\/p>\n<\/div><\/div>\n<\/div>\n  <\/div>\n\n<div class=\"e4026-32 x-section\" >\n      \n<div class=\"e4026-33 x-container max width\" >\n    \n<div class=\"e4026-34 x-column x-sm x-1-1\" >\n    <a  class=\"x-btn x-btn-global\"  href=\"https:\/\/oxapampa-safarie.com\/de\/kontakt\"     data-options=\"thumbnail: ''\">Kontaktierne Sie uns<\/a><\/div>\n<\/div>\n  <\/div>\n<\/div>\n","protected":false},"excerpt":{"rendered":"","protected":false},"author":1,"featured_media":0,"parent":0,"menu_order":0,"comment_status":"closed","ping_status":"closed","template":"template-blank-4.php","meta":[],"_links":{"self":[{"href":"https:\/\/oxapampa-safarie.com\/de\/wp-json\/wp\/v2\/pages\/4026\/"}],"collection":[{"href":"https:\/\/oxapampa-safarie.com\/de\/wp-json\/wp\/v2\/pages\/"}],"about":[{"href":"https:\/\/oxapampa-safarie.com\/de\/wp-json\/wp\/v2\/types\/page\/"}],"author":[{"embeddable":true,"href":"https:\/\/oxapampa-safarie.com\/de\/wp-json\/wp\/v2\/users\/1\/"}],"replies":[{"embeddable":true,"href":"https:\/\/oxapampa-safarie.com\/de\/wp-json\/wp\/v2\/comments\/?post=4026"}],"version-history":[{"count":4,"href":"https:\/\/oxapampa-safarie.com\/de\/wp-json\/wp\/v2\/pages\/4026\/revisions\/"}],"predecessor-version":[{"id":4105,"href":"https:\/\/oxapampa-safarie.com\/de\/wp-json\/wp\/v2\/pages\/4026\/revisions\/4105\/"}],"wp:attachment":[{"href":"https:\/\/oxapampa-safarie.com\/de\/wp-json\/wp\/v2\/media\/?parent=4026"}],"curies":[{"name":"wp","href":"https:\/\/api.w.org\/{rel}","templated":true}]}}