{"id":3903,"date":"2019-01-02T08:17:57","date_gmt":"2019-01-02T07:17:57","guid":{"rendered":"https:\/\/oxapampa-safarie.com\/kontakt\/"},"modified":"2019-02-12T14:32:03","modified_gmt":"2019-02-12T13:32:03","slug":"contakt","status":"publish","type":"page","link":"https:\/\/oxapampa-safarie.com\/en\/contakt\/","title":{"rendered":"Contact"},"content":{"rendered":"<div id=\"cs-content\" class=\"cs-content\" >\n<div class=\"e3903-1 x-section\" >\n      \n<div class=\"e3903-2 x-container max width\" >\n    \n<div class=\"e3903-3 x-column x-sm x-1-1\" >\n    <h1  class=\"h-custom-headline cs-ta-center h4 accent\" ><span>Contact us<\/span><\/h1><\/div>\n<\/div>\n\n<div class=\"e3903-10 x-container max width\" >\n    \n<div class=\"e3903-11 x-column x-sm x-1-3\" >\n    <ul class=\"x-ul-icons resp-ul mvn\" style=\"color: black;\"  ><li class=\"x-li-icon\"  ><i class=\"x-icon-envelope\" aria-hidden=\"true\" style=\"color: hsla(0, 0%, 0%, 0.98);\" data-x-icon-s=\"&#xf0e0;\"  ><\/i>giroperu@gmail.com<\/li><\/ul><\/div>\n\n<div class=\"e3903-14 x-column x-sm x-1-3\" >\n    <ul class=\"x-ul-icons resp-ul mvn\" style=\"color: black;\"  ><li class=\"x-li-icon\"  ><i class=\"x-icon-phone\" aria-hidden=\"true\" style=\"color: hsla(0, 0%, 0%, 0.98);\" data-x-icon-s=\"&#xf095;\"  ><\/i>(Claro) +51 987-888-673 <\/li><\/ul><\/div>\n\n<div class=\"e3903-17 x-column x-sm x-1-3\" >\n    <ul class=\"x-ul-icons resp-ul mvn\" style=\"color: black;\"  ><li class=\"x-li-icon\"  ><i class=\"x-icon-phone\" aria-hidden=\"true\" style=\"color: hsla(0, 0%, 0%, 0.98);\" data-x-icon-s=\"&#xf095;\"  ><\/i>(MoviStar) +51 996-367-698<\/li><\/ul><\/div>\n<\/div>\n  <\/div>\n\n<div class=\"e3903-23 x-section\" >\n      \n<div class=\"e3903-24 x-container max width\" >\n    \n<div class=\"e3903-25 x-column x-sm x-1-1\" >\n    <div class=\"x-text cs-ta-center\"  ><p><span style=\"color: #000000;\"><div role=\"form\" class=\"wpcf7\" id=\"wpcf7-f3926-o1\" lang=\"de-DE\" dir=\"ltr\">\n<div class=\"screen-reader-response\"><p role=\"status\" aria-live=\"polite\" aria-atomic=\"true\"><\/p> <ul><\/ul><\/div>\n<form action=\"\/en\/wp-json\/wp\/v2\/pages\/3903#wpcf7-f3926-o1\" method=\"post\" class=\"wpcf7-form init\" novalidate=\"novalidate\" data-status=\"init\">\n<div style=\"display: none;\">\n<input type=\"hidden\" name=\"_wpcf7\" value=\"3926\" \/>\n<input type=\"hidden\" name=\"_wpcf7_version\" value=\"5.3.2\" \/>\n<input type=\"hidden\" name=\"_wpcf7_locale\" value=\"de_DE\" \/>\n<input type=\"hidden\" name=\"_wpcf7_unit_tag\" value=\"wpcf7-f3926-o1\" \/>\n<input type=\"hidden\" name=\"_wpcf7_container_post\" value=\"0\" \/>\n<input type=\"hidden\" name=\"_wpcf7_posted_data_hash\" value=\"\" \/>\n<input type=\"hidden\" name=\"_wpcf7cf_hidden_group_fields\" value=\"\" \/>\n<input type=\"hidden\" name=\"_wpcf7cf_hidden_groups\" value=\"\" \/>\n<input type=\"hidden\" name=\"_wpcf7cf_visible_groups\" value=\"\" \/>\n<input type=\"hidden\" name=\"_wpcf7cf_repeaters\" value=\"[]\" \/>\n<input type=\"hidden\" name=\"_wpcf7cf_steps\" value=\"{}\" \/>\n<input type=\"hidden\" name=\"_wpcf7cf_options\" value=\"{&quot;form_id&quot;:3926,&quot;conditions&quot;:[],&quot;settings&quot;:{&quot;animation&quot;:&quot;yes&quot;,&quot;animation_intime&quot;:200,&quot;animation_outtime&quot;:200,&quot;conditions_ui&quot;:&quot;normal&quot;,&quot;notice_dismissed&quot;:false}}\" \/>\n<\/div>\n<table>\n<tr>\n<td>T\u00edtulo<\/td>\n<td><span class=\"wpcf7-form-control-wrap anrede\"><span class=\"wpcf7-form-control wpcf7-radio\"><span class=\"wpcf7-list-item first\"><input type=\"radio\" name=\"anrede\" value=\"&nbsp;Sr.&nbsp;\" \/><span class=\"wpcf7-list-item-label\">&nbsp;Sr.&nbsp;<\/span><\/span><span class=\"wpcf7-list-item last\"><input type=\"radio\" name=\"anrede\" value=\"&nbsp;Sra.&nbsp;\" \/><span class=\"wpcf7-list-item-label\">&nbsp;Sra.&nbsp;<\/span><\/span><\/span><\/span><\/td>\n<\/tr>\n<tr>\n<td>Nombre*<\/td>\n<td><span class=\"wpcf7-form-control-wrap nombre\"><input type=\"text\" name=\"nombre\" value=\"\" size=\"40\" class=\"wpcf7-form-control wpcf7-text wpcf7-validates-as-required\" aria-required=\"true\" aria-invalid=\"false\" \/><\/span><\/td>\n<\/tr>\n<tr>\n<td>Appellido*<\/td>\n<td><span class=\"wpcf7-form-control-wrap appellido\"><input type=\"text\" name=\"appellido\" value=\"\" size=\"40\" class=\"wpcf7-form-control wpcf7-text wpcf7-validates-as-required\" aria-required=\"true\" aria-invalid=\"false\" \/><\/span><\/td>\n<\/tr>\n<tr>\n<td>Correo electr\u00f3nico*<\/td>\n<td><\/td>\n<\/tr>\n<tr>\n<td>Telefon*<\/td>\n<td><span class=\"wpcf7-form-control-wrap telefon\"><input type=\"text\" name=\"telefon\" value=\"\" size=\"40\" class=\"wpcf7-form-control wpcf7-text wpcf7-validates-as-required\" aria-required=\"true\" aria-invalid=\"false\" \/><\/span><\/td>\n<\/tr>\n<tr>\n<td>\u00bfCu\u00e1l de las casas nuestra te interesa?<\/td>\n<td><span class=\"wpcf7-form-control-wrap casas\"><select name=\"casas[]\" class=\"wpcf7-form-control wpcf7-select\" aria-invalid=\"false\" multiple=\"multiple\"><option value=\"\">---<\/option><option value=\"Casa Familia B\u00f6hnert\">Casa Familia B\u00f6hnert<\/option><option value=\"Casa Joaquin\">Casa Joaquin<\/option><option value=\"Cabana Andrea y Johanna\">Cabana Andrea y Johanna<\/option><\/select><\/span><\/td>\n<\/tr>\n<tr>\n<td>Llegada anticipada<span class=\"wpcf7-form-control-wrap date-194\"><input type=\"date\" name=\"date-194\" value=\"\" class=\"wpcf7-form-control wpcf7-date wpcf7-validates-as-date\" aria-invalid=\"false\" placeholder=\"Por favor, introduzca la fecha\" \/><\/span><\/td>\n<td>\n<tr>\n<td>Salida esperada<span class=\"wpcf7-form-control-wrap date-304\"><input type=\"date\" name=\"date-304\" value=\"\" class=\"wpcf7-form-control wpcf7-date wpcf7-validates-as-date\" aria-invalid=\"false\" placeholder=\"Por favor, introduzca la fecha\" \/><\/span><\/td>\n<td>\n<tr>\n<td colspan=\"2\"><span class=\"wpcf7-form-control-wrap mensaje\"><textarea name=\"mensaje\" cols=\"40\" rows=\"6\" class=\"wpcf7-form-control wpcf7-textarea wpcf7-validates-as-required\" aria-required=\"true\" aria-invalid=\"false\" placeholder=\"Por favor d\u00e9jenos su mensaje\"><\/textarea><\/span><\/td>\n<\/tr>\n<\/table>\n<table>\n<tr>\n<td>Nota sobre la protecci\u00f3n de datos<\/td>\n<td><span class=\"wpcf7-form-control-wrap Datenschutz\"><span class=\"wpcf7-form-control wpcf7-checkbox wpcf7-validates-as-required\"><span class=\"wpcf7-list-item first last\"><input type=\"checkbox\" name=\"Datenschutz[]\" value=\"&nbsp;Por la presente acepto que mis datos introducidos en el formulario de contacto se almacenar\u00e1n electr\u00f3nicamente y se procesar\u00e1n y utilizar\u00e1n con el fin de ponerse en contacto. S\u00e9 que puedo revocar mi consentimiento en cualquier momento&nbsp;\" \/><span class=\"wpcf7-list-item-label\">&nbsp;Por la presente acepto que mis datos introducidos en el formulario de contacto se almacenar\u00e1n electr\u00f3nicamente y se procesar\u00e1n y utilizar\u00e1n con el fin de ponerse en contacto. S\u00e9 que puedo revocar mi consentimiento en cualquier momento&nbsp;<\/span><\/span><\/span><\/span><\/td>\n<\/tr>\n<table>\n<input type=\"submit\" value=\"Enviar\" class=\"wpcf7-form-control wpcf7-submit\" \/><br \/>\n<\/table>\n<div class=\"wpcf7-response-output\" aria-hidden=\"true\"><\/div><\/form><\/div><\/span><\/p>\n<\/div><\/div>\n<\/div>\n  <\/div>\n<\/div>\n","protected":false},"excerpt":{"rendered":"","protected":false},"author":1,"featured_media":0,"parent":0,"menu_order":0,"comment_status":"closed","ping_status":"closed","template":"template-blank-4.php","meta":[],"_links":{"self":[{"href":"https:\/\/oxapampa-safarie.com\/en\/wp-json\/wp\/v2\/pages\/3903\/"}],"collection":[{"href":"https:\/\/oxapampa-safarie.com\/en\/wp-json\/wp\/v2\/pages\/"}],"about":[{"href":"https:\/\/oxapampa-safarie.com\/en\/wp-json\/wp\/v2\/types\/page\/"}],"author":[{"embeddable":true,"href":"https:\/\/oxapampa-safarie.com\/en\/wp-json\/wp\/v2\/users\/1\/"}],"replies":[{"embeddable":true,"href":"https:\/\/oxapampa-safarie.com\/en\/wp-json\/wp\/v2\/comments\/?post=3903"}],"version-history":[{"count":4,"href":"https:\/\/oxapampa-safarie.com\/en\/wp-json\/wp\/v2\/pages\/3903\/revisions\/"}],"predecessor-version":[{"id":4088,"href":"https:\/\/oxapampa-safarie.com\/en\/wp-json\/wp\/v2\/pages\/3903\/revisions\/4088\/"}],"wp:attachment":[{"href":"https:\/\/oxapampa-safarie.com\/en\/wp-json\/wp\/v2\/media\/?parent=3903"}],"curies":[{"name":"wp","href":"https:\/\/api.w.org\/{rel}","templated":true}]}}